{"id":3,"date":"2019-10-25T10:38:03","date_gmt":"2019-10-25T10:38:03","guid":{"rendered":"https:\/\/woc.herrkiekebusch.de\/?page_id=3"},"modified":"2022-10-20T11:49:40","modified_gmt":"2022-10-20T10:49:40","slug":"datenschutz","status":"publish","type":"page","link":"https:\/\/woc-event.de\/index.php\/datenschutz\/","title":{"rendered":"Datenschutzerkl\u00e4rung"},"content":{"rendered":"<p>[vc_row][vc_column][vc_single_image image=&#8220;10788&#8243; img_size=&#8220;full&#8220;][vc_column_text]<\/p>\r\n<p>&nbsp;<\/p>\r\n<p>Nachfolgend m\u00f6chten wir Sie \u00fcber den Umgang mit Ihren Daten gem. Art. 13 Datenschutzgrundverordnung (DSGVO) informieren.<\/p>\r\n<p>Verantwortlich f\u00fcr die nachfolgend dargestellte Datenerhebung und -verarbeitung ist:<\/p>\r\n<p>Jan Reinsch<br \/>Schleusinger Stra\u00dfe 117<br \/>98527 Suhl<\/p>\r\n<p>Tel.:<a href=\"tel:+49 3681 722417\">+49 3681 \/ 722417<\/a><\/p>\r\n<p><a href=\"mailto:info@waldfrieden-suhl.de\">info@waldfrieden-suhl.de<\/a><\/p>\r\n<p><em>Speicherung der IP-Adresse<\/em><\/p>\r\n<p>Wir speichern die von Ihrem Webbrowser \u00fcbermittelte IP-Adresse streng zweckge\u00adbunden f\u00fcr die Dauer von sieben Tagen, in dem Interesse, Angriffe auf unsere Web\u00adseiten erkennen, eingrenzen und beseitigen zu k\u00f6nnen. Nach Ablauf dieser Zeitspanne l\u00f6schen bzw. anonymisieren wir die IP-Adresse. Rechtsgrundlage ist Art. 6 Abs. 1 S. 1 lit. f DSGVO.<\/p>\r\n<p><em>Nutzungsdaten<\/em><\/p>\r\n<p>Wenn Sie unsere Webseiten besuchen, werden auf unserem Webserver tempor\u00e4r sogenannte Nutzungsdaten zu statistischen Zwecken als Protokoll gespeichert, um die Qualit\u00e4t unserer Webseiten zu verbessern. Dieser Datensatz besteht aus<\/p>\r\n<ul>\r\n<li>der Seite, von der aus die Datei angefordert wurde,<\/li>\r\n<li>dem Namen der Datei,<\/li>\r\n<li>dem Datum und der Uhrzeit der Abfrage,<\/li>\r\n<li>der \u00fcbertragenen Datenmenge,<\/li>\r\n<li>dem Zugriffsstatus (Datei \u00fcbertragen, Datei nicht gefunden),<\/li>\r\n<li>der Beschreibung des Typs des verwendeten Webbrowsers,<\/li>\r\n<li>der IP-Adresse des anfragenden Rechners, die so verk\u00fcrzt wird, dass ein Personenbezug nicht mehr herstellbar ist.<\/li>\r\n<\/ul>\r\n<p>Die genannten Protokolldaten werden nur anonymisiert gespeichert.<\/p>\r\n<p><strong>1. Empf\u00e4nger der personenbezogenen Daten<\/strong><\/p>\r\n<p><em>Auftragsverarbeiter<\/em><\/p>\r\n<p>Wir \u00fcbermitteln Ihre Daten im Rahmen einer Auftragsverarbeitung gem. Art. 28 DSGVO an Dienstleister, die uns beim Betrieb unserer Webseiten und der damit zusammenh\u00e4ngenden Prozesse unterst\u00fctzen. Unsere Dienstleister sind uns gegen\u00ad\u00fcber streng weisungsgebunden und entsprechend vertraglich verpflichtet. Folgende Dienstleister setzen wir ein: den Webanalysedienstleiser Google Analytics der Google LLC, den Hosting-Dienstleister HELDISCH GmbH und Newsletter-Dienstleister Episerver GmbH.<\/p>\r\n<p>Teilweise \u00fcbermitteln wir in diesem Zusammenhang auch personenbezogene Daten an Drittl\u00e4nder au\u00dferhalb der EU. Wir haben dabei jeweils Sorge f\u00fcr ein angemessenes Datenschutzniveau getragen:<\/p>\r\n<p>Im Falle von Google Analytics (USA) folgt ein angemessenes Datenschutzniveau aus der entsprechenden Teilnahme am Privacy-Shield-Abkommen (Art. 45 Abs. 1 DSGVO).<\/p>\r\n<p><em>2. Cookies<\/em><\/p>\r\n<p>Auf unseren Webseiten nutzen wir Cookies. Cookies sind kleine Textdateien, die auf Ihrem Endger\u00e4t gespeichert und ausgelesen werden k\u00f6nnen. Man unterscheidet zwischen Session-Cookies, die wieder gel\u00f6scht werden, sobald Sie ihren Browser schlie\u00dfen und permanenten Cookies, die \u00fcber die einzelne Sitzung hinaus gespeichert werden. Cookies k\u00f6nnen Daten enthalten, die eine Wiedererkennung des genutzten Ger\u00e4ts m\u00f6glich machen. Teilweise enthalten Cookies aber auch lediglich Informa\u00adtionen zu bestimmten Einstellungen, die nicht personenbeziehbar sind.<\/p>\r\n<p>Wir nutzen auf unseren Webseiten Session-Cookies, permanente Cookies und Tracking Cookies. Die Verarbeitung erfolgt auf Grundlage von Art. 6 Abs. 1 S.1 lit. f DSGVO und in dem Interesse die Benutzerf\u00fchrung zu optimieren und die Darstellung unserer Webseite anzupassen.<\/p>\r\n<p>Sie k\u00f6nnen Ihren Browser so einstellen, dass er Sie \u00fcber die Platzierung von Cookies informiert. So wird der Gebrauch von Cookies f\u00fcr Sie transparent. Sie k\u00f6nnen Cookies zudem jederzeit \u00fcber die entsprechende Browsereinstellung l\u00f6schen und das Setzen neuer Cookies verhindern. Bitte beachten Sie, dass unsere Webseiten dann ggf. nicht optimal angezeigt werden und einige Funktionen technisch nicht mehr zur Verf\u00fcgung stehen.<\/p>\r\n<p>Die oben genannten Informationen und technischen Voraussetzungen gelten auch f\u00fcr die Hartmannbundstiftung \u201e\u00c4rzte helfen \u00c4rzten\u201c und die \u201eFriedrich-Thieding-Stiftung\u201c des Hartmannbundes.<\/p>\r\n<p><strong>3. Trackingtools<\/strong><\/p>\r\n<p><em>Google Analytics<\/em><\/p>\r\n<p>Zur bedarfsgerechten Gestaltung unserer Webseiten erstellen wir pseudonyme Nutzungsprofile mit Hilfe von Google Analytics. Google Analytics verwendet Cookies, die auf Ihrem Endger\u00e4t gespeichert und von uns ausgelesen werden k\u00f6nnen. Auf diese Weise sind wir in der Lage, wiederkehrende Besucher zu erkennen und als solche zu z\u00e4hlen. Der Zweck der Datenverarbeitung ist das Interesse zu erfahren, wie h\u00e4ufig die Webseiten von unterschiedlichen Nutzern aufgerufen wurden. Die Datenverarbeitung erfolgt auf Grundlage Ihrer Einwilligung nach Art. 6 Abs. 1 S. 1 lit. f DSGVO.<\/p>\r\n<p>Die durch das Cookie erzeugten Informationen \u00fcber Ihre Benutzung dieser Webseiten werden in der Regel an einen Server von Google in den USA \u00fcbertragen und dort gespeichert. Da wir die IP-Anonymisierung auf unseren Webseiten aktiviert haben, wird Ihre IP-Adresse von Google jedoch zuvor innerhalb von Mitgliedstaaten der Europ\u00e4ischen Union gek\u00fcrzt. Nur in Ausnahmef\u00e4llen wird die volle IP-Adresse an einen Server von Google in den USA (ein angemessenes Datenschutzniveau liegt nach Art. 45 Abs. 1 DSGVO durch Googles Teilnahme am Privacy Shield vor) \u00fcbertragen und erst dort gek\u00fcrzt. Wir haben mit Google Inc. (USA) zudem einen Vertrag zur Auftragsverarbeitung nach Art. 28 DSGVO geschlossen. Google wird alle Informationen demnach nur streng zweckgebunden nutzen, um die Nutzung unserer Webseiten f\u00fcr uns auszuwerten und Reports \u00fcber die Webseitenaktivit\u00e4ten zusammenzustellen.<\/p>\r\n<p>Sie k\u00f6nnen der Verarbeitung jederzeit widersprechen. Bitte nutzen Sie hierf\u00fcr eine der folgenden M\u00f6glichkeiten:<\/p>\r\n<p>Sie k\u00f6nnen die Speicherung der Cookies durch eine entsprechende Einstellung Ihrer Browser-Software verhindern; wir weisen Sie jedoch darauf hin, dass Sie in diesem Fall gegebenenfalls nicht s\u00e4mtliche Funktionen dieser Webseiten vollumf\u00e4nglich nutzen k\u00f6nnen.<\/p>\r\n<p>Sie k\u00f6nnen dar\u00fcber hinaus die Erfassung der durch das Cookie erzeugten und auf Ihre Nutzung der Webseiten bezogenen Daten (inkl. Ihrer IP-Adresse) an Google sowie die Verarbeitung dieser Daten durch Google verhindern, indem Sie das unter dem folgenden Link (<a href=\"http:\/\/tools.google.com\/dlpage\/gaoptout?hl=de\">http:\/\/tools.google.com\/dlpage\/gaoptout?hl=de<\/a>) verf\u00fcgbare Browser-Plugin herunterladen und installieren.<\/p>\r\n<p>Sie k\u00f6nnen die Erfassung Ihrer Daten durch Google Analytics verhindern, indem Sie auf folgenden Link klicken. Es wird ein Opt-Out Cookie gesetzt, der die Erfassung Ihrer Daten bei zuk\u00fcnftigen Besuchen dieser Website verhindert.<\/p>\r\n<p>Google Analytics deaktivieren<\/p>\r\n<p><em>Google Tag Manager<\/em><\/p>\r\n<p>Wir verwenden zudem den Google Tag Manager, um das Nutzerverhalten anhand pseudonymisierter Nutzerdaten besser auswerten zu k\u00f6nnen. Google Tag Manager ist eine L\u00f6sung, mit der Vermarkter Website-Tags \u00fcber eine Oberfl\u00e4che verwalten k\u00f6nnen.<\/p>\r\n<p>Dies funktioniert insoweit, als dass vom Tag Manager ein Seitenladevorgang festgestellt wird. Entsprechend der Konfiguration wird durch dieses Laden der Webseite ein Google Analytics-Tag ausgel\u00f6st. Die Daten dieses Tags werden anschlie\u00dfend an die Google Analytics-Server zur\u00fcckgesendet, damit eine pseudonymisierte Auswertung des Nutzerverhaltens erfolgt. Dies geschieht mittels der Einbindung des Google Analytics-Codes und mithilfe der Aktivierung der unten n\u00e4her beschriebenen IP-Anonymisierung. N\u00e4here Informationen zu Nutzungsbedingungen und Datenschutz finden Sie unter <a href=\"https:\/\/marketingplatform.google.com\/about\/analytics\/terms\/de\/\" target=\"_blank\" rel=\"noopener noreferrer\">www.google.com\/analytics\/terms\/de.html<\/a> bzw. unter <a href=\"https:\/\/marketingplatform.google.com\/about\/\" target=\"_blank\" rel=\"noopener noreferrer\">www.google.com\/intl\/de\/analytics\/privacyoverview.html<\/a>. Wir weisen Sie darauf hin, dass auf dieser Webseite Google Analytics um den Code \u201c_gaq.push ([\u2018_gat._anonymizeIp\u2019]);\u201d erweitert wurde, um eine anonymisierte Erfassung von IP-Adressen (sog. IP-Masking) zu gew\u00e4hrleisten.<\/p>\r\n<p><em>Google Maps<\/em><\/p>\r\n<p>Wir nutzen Google Maps zur Darstellung von Karten und zur Erstellung von Anfahrts\u00adpl\u00e4nen. Google Maps wird von der Google LLC, 1600 Amphitheatre Parkway, Mountain View, CA 94043, USA betrieben.<\/p>\r\n<p>Sofern Sie die Karte von Google Maps nutzen, z.B. durch Anklicken unserer dort aufgef\u00fchrten Standorte, erfassen wir von Ihnen keinerlei Daten. Durch die Nutzung von Google Maps k\u00f6nnen nach unserer Kenntnis jedoch Informationen \u00fcber Ihre Benutzung (insbesondere die IP-Adresse Ihres Rechners) an einen Server der Google LLC in den USA \u00fcbertragen und dort gespeichert werden. Die Verarbeitung personen\u00adbezogener Daten unter Verwendung technisch notwendiger Cookies und Ihrer IP\u2011Adresse basiert auf der Rechtsgrundlage von Art. 6 Abs. 1 lit. f DSGVO in dem Interesse, unser Webangebot m\u00f6glichst optimal f\u00fcr Sie zu gestalten. Auf die Weiterverarbeitung von Daten durch die Google LLC haben wir keinen Einfluss.<\/p>\r\n<p>Bitte lesen Sie auch die Nutzungsbestimmungen von Google Maps, sofern Sie den Service nutzen m\u00f6chten. Die Nutzungsbedingungen f\u00fcr Google Maps finden Sie unter: <a href=\"https:\/\/www.google.com\/intl\/de_de\/help\/terms_maps\/\" target=\"_blank\" rel=\"noopener noreferrer\">http:\/\/www.google.com\/intl\/de_de\/help\/terms_maps.html<\/a>.<\/p>\r\n<p>Ausf\u00fchrliche Informationen zu den Datenschutzbestimmungen von Google finden Sie zudem unter: <a href=\"https:\/\/policies.google.com\/privacy?hl=de&amp;gl=de\" target=\"_blank\" rel=\"noopener noreferrer\">http:\/\/www.google.de\/intl\/de\/policies\/privacy\/<\/a>.<\/p>\r\n<p>Falls Sie nicht mit der Datenverarbeitung durch die Google LLC einverstanden sind, verzichten Sie bitte auf eine Nutzung der Karte oder deaktivieren Sie die Java-Script Funktion in Ihrem Browser, um eine nur eingeschr\u00e4nkte Ansicht zu erhalten.<\/p>\r\n<p><strong>4. Social Media Plugins<\/strong><\/p>\r\n<p>Auf unserer Webseite finden Sie Links zu den Social Media-Diensten von Facebook. Wenn Sie diesen Links folgen, erhalten die M\u00f6glichkeit, Informationen zu teilen, insofern Sie einen Account bei dem jeweiligen Social Media Dienst besitzen. Beim Anklicken des Links zu einem Social Media-Dienst, wird eine Verbindung zu den Servern des Social Media-Dienstes hergestellt. Hierdurch wird an die Server des Social Media-Dienstes \u00fcbermittelt, dass Sie unsere Webseite besucht haben. Dar\u00fcber hinaus werden weitere Daten an den Anbieter des Social Media-Dienstes \u00fcbertragen. Das sind beispielsweise:<\/p>\r\n<p>\u2013 Adresse der Webseite, auf der sich der aktivierte Link befindet<\/p>\r\n<p>\u2013 Datum und Uhrzeit des Aufrufs der Webseite bzw. der Aktivierung des Links<\/p>\r\n<p>\u2013 Informationen \u00fcber den verwendeten Browser und das verwendete Betriebssystem<\/p>\r\n<p><em>IP-Adresse<\/em><\/p>\r\n<p>Wenn Sie im Zeitpunkt der Aktivierung des Links bereits bei dem entsprechenden Social Media-Dienst eingeloggt sind, kann der Anbieter des Social Media-Dienstes in der Lage sein, aus den \u00fcbermittelten Daten Ihren Benutzernamen und ggf. sogar Ihren echten Namen zu ermitteln und diese Informationen Ihrem pers\u00f6nlichen Benutzerkonto bei dem Social Media-Dienst zuordnen. Sie k\u00f6nnen diese M\u00f6glichkeit der Zuordnung zu Ihrem pers\u00f6nlichen Benutzerkonto ausschlie\u00dfen, wenn Sie sich vorher aus Ihrem Benutzerkonto ausloggen.<\/p>\r\n<p>Die Server der Social Media-Dienste befinden sich in den USA und anderen L\u00e4ndern au\u00dferhalb der Europ\u00e4ischen Union. Die Daten k\u00f6nnen durch den Anbieter des Social Media-Dienstes daher auch in L\u00e4ndern au\u00dferhalb der Europ\u00e4ischen Union verarbeitet werden. Bitte beachten Sie, dass Unternehmen in diesen L\u00e4ndern einem Datenschutzgesetz unterliegen, das allgemein personenbezogene Daten nicht in demselben Ma\u00dfe sch\u00fctzt, wie es in den Mitgliedstaaten der Europ\u00e4ischen Union der Fall ist.<\/p>\r\n<p>N\u00e4here Informationen zur Verwendung Ihrer Daten durch die auf unserer Webseite eingebundenen Social Media-Dienste finden Sie in der Datenschutzrichtlinie des jeweiligen Social Media-Dienstes.<\/p>\r\n\r\n<p>Von unserer Seite besteht zudem ein berechtigtes Interesse, Google Font zu verwenden, um unser Online-Service zu optimieren. Die daf\u00fcr entsprechende Rechtsgrundlage ist <strong>Art. 6 Abs. 1 lit. f DSGVO (Berechtigte Interessen)<\/strong>.<\/p>\r\n<p>Welche Daten grunds\u00e4tzlich von Google erfasst werden und wof\u00fcr diese Daten verwendet werden, k\u00f6nnen Sie auch auf <a class=\"external\" href=\"https:\/\/policies.google.com\/privacy?hl=de&amp;tid=231666246100\" rel=\"nofollow\">https:\/\/www.google.com\/intl\/de\/policies\/privacy\/<\/a> nachlesen.<\/p>\r\n<p>[\/vc_column_text][\/vc_column][\/vc_row]<\/p>","protected":false},"excerpt":{"rendered":"<p>[vc_row][vc_column][vc_single_image image=&#8220;10788&#8243; img_size=&#8220;full&#8220;][vc_column_text] &nbsp; Nachfolgend m\u00f6chten wir Sie \u00fcber den Umgang mit Ihren Daten gem. Art. 13 Datenschutzgrundverordnung (DSGVO) informieren. Verantwortlich f\u00fcr die nachfolgend dargestellte Datenerhebung und -verarbeitung ist: Jan ReinschSchleusinger Stra\u00dfe 11798527 Suhl Tel.:+49 3681 \/ 722417 info@waldfrieden-suhl.de Speicherung der IP-Adresse Wir speichern die von Ihrem Webbrowser \u00fcbermittelte IP-Adresse streng zweckge\u00adbunden f\u00fcr die Dauer [&hellip;]<\/p>\n","protected":false},"author":1,"featured_media":0,"parent":0,"menu_order":0,"comment_status":"closed","ping_status":"open","template":"page.php","meta":{"_glsr_average":0,"_glsr_ranking":0,"_glsr_reviews":0,"footnotes":""},"class_list":["post-3","page","type-page","status-publish","hentry"],"_links":{"self":[{"href":"https:\/\/woc-event.de\/index.php\/wp-json\/wp\/v2\/pages\/3","targetHints":{"allow":["GET"]}}],"collection":[{"href":"https:\/\/woc-event.de\/index.php\/wp-json\/wp\/v2\/pages"}],"about":[{"href":"https:\/\/woc-event.de\/index.php\/wp-json\/wp\/v2\/types\/page"}],"author":[{"embeddable":true,"href":"https:\/\/woc-event.de\/index.php\/wp-json\/wp\/v2\/users\/1"}],"replies":[{"embeddable":true,"href":"https:\/\/woc-event.de\/index.php\/wp-json\/wp\/v2\/comments?post=3"}],"version-history":[{"count":5,"href":"https:\/\/woc-event.de\/index.php\/wp-json\/wp\/v2\/pages\/3\/revisions"}],"predecessor-version":[{"id":11333,"href":"https:\/\/woc-event.de\/index.php\/wp-json\/wp\/v2\/pages\/3\/revisions\/11333"}],"wp:attachment":[{"href":"https:\/\/woc-event.de\/index.php\/wp-json\/wp\/v2\/media?parent=3"}],"curies":[{"name":"wp","href":"https:\/\/api.w.org\/{rel}","templated":true}]}}