{"id":10776,"date":"2021-03-18T13:52:07","date_gmt":"2021-03-18T12:52:07","guid":{"rendered":"https:\/\/woc-event.de\/?page_id=10776"},"modified":"2021-03-25T13:31:10","modified_gmt":"2021-03-25T12:31:10","slug":"anfrage-klassenfahrt-indianer","status":"publish","type":"page","link":"https:\/\/woc-event.de\/index.php\/anfrage-klassenfahrt-indianer\/","title":{"rendered":"Anfrage Klassenfahrt Indianer"},"content":{"rendered":"<p>[vc_row][vc_column][vc_single_image image=&#8220;10769&#8243; img_size=&#8220;full&#8220;][vc_column_text]<div id=\"erf_form_container_10737\" class=\"erf-container erf-contact erf-label-top erf-layout-one-column erf-style-rounded-corner\">\n        \n    \n         \n                    <div class=\"erf-content-above\">\n                            <\/div>\n            <form method=\"post\" enctype=\"multipart\/form-data\" class=\"erf-form erf-front-form\" data-parsley-validate=\"\" novalidate=\"true\" data-erf-submission-id=\"0\" data-erf-form-id=\"10737\">\n                <div class=\"erf-form-html\" id=\"erf_form_10737\">\n                    <div class=\"rendered-form\">\n                        <div class=\"erf-header erf-element-width-12\"><h1  data-non-input='1' data-ref-label='ref-lFtHhdD6' data-ref-id='ref-28kjkZ2F' class='' >Kontaktdaten der Schule<\/h1><\/div><div class=\"erf-text form-group field-text-21996650885 erf-element-width-12\"><label for=\"text-21996650885\" class=\"erf-text-label\">Name der Schule<span class=\"erf-required\">*<\/span><\/label><input type='text' maxlength='80' required='required' class='form-control' name='text-21996650885' data-ref-label='Name_der_Schule' id='text-21996650885'  \/><\/div><div class=\"erf-text form-group field-text-300317478843 erf-element-width-12\"><label for=\"text-300317478843\" class=\"erf-text-label\">Stra\u00dfe, Hausnummer<span class=\"erf-required\">*<\/span><\/label><input type='text' required='required' maxlength='50' class='form-control' name='text-300317478843' data-ref-label='Strae_Hausnummer' id='text-300317478843'  \/><\/div><div class=\"erf-text form-group field-field-6jAnmiHOlu4VAKO erf-element-width-12\"><label for=\"field-6jAnmiHOlu4VAKO\" class=\"erf-text-label\">PLZ<span class=\"erf-required\">*<\/span><\/label><input type='text' class='form-control' name='field-6jAnmiHOlu4VAKO' required='required' data-ref-label='PLZ' id='field-6jAnmiHOlu4VAKO'  \/><\/div><div class=\"erf-text form-group field-field-ygiFzhF1x0lL7HE erf-element-width-12\"><label for=\"field-ygiFzhF1x0lL7HE\" class=\"erf-text-label\">Ort<span class=\"erf-required\">*<\/span><\/label><input type='text' class='form-control' name='field-ygiFzhF1x0lL7HE' required='required' data-ref-label='Ort' id='field-ygiFzhF1x0lL7HE'  \/><\/div><div class=\"erf-tel form-group field-field-xAFQUKNBWps2vkS erf-element-width-12\"><label for=\"field-xAFQUKNBWps2vkS\" class=\"erf-tel-label\">Telefon der Schule<span class=\"erf-required\">*<\/span><\/label><input type='tel' class='form-control' name='field-xAFQUKNBWps2vkS' required='required' data-ref-label='Telefon_der_Schule' id='field-xAFQUKNBWps2vkS'  \/><\/div><div class=\"erf-tel form-group field-field-oRrztC5AgDjc0e8 erf-element-width-12\"><label for=\"field-oRrztC5AgDjc0e8\" class=\"erf-tel-label\">Fax der Schule<\/label><input type='tel' class='form-control' name='field-oRrztC5AgDjc0e8' data-ref-label='Fax_der_Schule' id='field-oRrztC5AgDjc0e8'  \/><\/div><div class=\"erf-email form-group field-text-5038234292 erf-element-width-12\"><label for=\"text-5038234292\" class=\"erf-email-label\">E-Mail der Schule<span class=\"erf-required\">*<\/span><\/label><input type='email' required='required' class='form-control' name='text-5038234292' data-ref-label='EMail_der_Schule' id='text-5038234292'  \/><\/div><div class=\"erf-splitter erf-element-width-12\"><div data-non-input='1' custom-type='page-break' class='' data-ref-label='ref-lxpakzeN' data-ref-id='ref-Wh8Hj5lJ' >Splitter<\/div><\/div><div class=\"erf-header erf-element-width-12\"><h1  data-non-input='1' data-ref-label='ref-OIOrSTqd' data-ref-id='ref-yToQuhmF' class='' >Die Klasse<\/h1><\/div><div class=\"erf-text form-group field-field-oflkcqjPLmjahOc erf-element-width-12\"><label for=\"field-oflkcqjPLmjahOc\" class=\"erf-text-label\">Vor- und Nachnamen der*des Verantwortlichen<span class=\"erf-required\">*<\/span><\/label><input type='text' class='form-control' name='field-oflkcqjPLmjahOc' required='required' data-ref-label='Vor_und_Nachnamen_derdes_Verantwortliche' id='field-oflkcqjPLmjahOc'  \/><\/div><div class=\"erf-tel form-group field-field-qJoPAziaFEVXd9M erf-element-width-12\"><label for=\"field-qJoPAziaFEVXd9M\" class=\"erf-tel-label\">Telefonnummer der*des Verantwortlichen<span class=\"erf-required\">*<\/span><\/label><input type='tel' class='form-control' name='field-qJoPAziaFEVXd9M' required='required' data-ref-label='Telefonnummer_derdes_Verantwortlichen' id='field-qJoPAziaFEVXd9M'  \/><\/div><div class=\"erf-email form-group field-field-QySflfIxhEOy7q0 erf-element-width-12\"><label for=\"field-QySflfIxhEOy7q0\" class=\"erf-email-label\">E-Mail der*des Verantwortlichen<span class=\"erf-required\">*<\/span><\/label><input type='email' class='form-control' name='field-QySflfIxhEOy7q0' required='required' data-ref-label='EMail_derdes_Verantwortlichen' id='field-QySflfIxhEOy7q0'  \/><\/div><div class=\"erf-text form-group field-field-JJxE7o6pW6uB4rZ erf-element-width-12\"><label for=\"field-JJxE7o6pW6uB4rZ\" class=\"erf-text-label\">Klassenstufe<span class=\"erf-required\">*<\/span><\/label><input type='text' class='form-control' name='field-JJxE7o6pW6uB4rZ' required='required' data-ref-label='Klassenstufe' id='field-JJxE7o6pW6uB4rZ'  \/><\/div><div class=\"erf-richtext erf-element-width-12\"><div data-non-input='1' data-ref-label='ref-p7aLAENn' data-ref-id='ref-NdYs76pO' class='erf-rich-text' ><p>Informationen zur Klassengr\u00f6\u00dfe bzw. Gruppengr\u00f6\u00dfe<\/p><\/div><\/div><div class=\"erf-number form-group field-field-7jbrPsEqL3fFjVR erf-element-width-12\"><label for=\"field-7jbrPsEqL3fFjVR\" class=\"erf-number-label\">Anzahl der M\u00e4chen<span class=\"erf-required\">*<\/span><span class=\"tooltip-element\" tooltip=\"ggf. &quot;0&quot;\"><i class=\"fa fa-info\" aria-hidden=\"true\"><\/i><\/span><\/label><input type='number' class='form-control' name='field-7jbrPsEqL3fFjVR' required='required' data-ref-label='Anzahl_der_Mchen' id='field-7jbrPsEqL3fFjVR'  \/><\/div><div class=\"erf-number form-group field-field-L4P8LraytfuDthj erf-element-width-12\"><label for=\"field-L4P8LraytfuDthj\" class=\"erf-number-label\">Anzahl der Jungen<span class=\"erf-required\">*<\/span><span class=\"tooltip-element\" tooltip=\"ggf. &quot;0&quot;\"><i class=\"fa fa-info\" aria-hidden=\"true\"><\/i><\/span><\/label><input type='number' class='form-control' name='field-L4P8LraytfuDthj' required='required' data-ref-label='Anzahl_der_Jungen' id='field-L4P8LraytfuDthj'  \/><\/div><div class=\"erf-number form-group field-field-lc7QLYUih1ntL0u erf-element-width-12\"><label for=\"field-lc7QLYUih1ntL0u\" class=\"erf-number-label\">Anzahl der Betreuerinnen<span class=\"erf-required\">*<\/span><span class=\"tooltip-element\" tooltip=\"ggf. &quot;0&quot;\"><i class=\"fa fa-info\" aria-hidden=\"true\"><\/i><\/span><\/label><input type='number' class='form-control' name='field-lc7QLYUih1ntL0u' required='required' data-ref-label='Anzahl_der_Betreuerinnen' id='field-lc7QLYUih1ntL0u'  \/><\/div><div class=\"erf-number form-group field-field-FAN3pG00GqR22eE erf-element-width-12\"><label for=\"field-FAN3pG00GqR22eE\" class=\"erf-number-label\">Anzahl der Betreuer<span class=\"erf-required\">*<\/span><span class=\"tooltip-element\" tooltip=\"ggf. &quot;0&quot;\"><i class=\"fa fa-info\" aria-hidden=\"true\"><\/i><\/span><\/label><input type='number' class='form-control' name='field-FAN3pG00GqR22eE' required='required' data-ref-label='Anzahl_der_Betreuer' id='field-FAN3pG00GqR22eE'  \/><\/div><div class=\"erf-richtext erf-element-width-12\"><div data-non-input='1' data-ref-label='ref-QgVYgb5R' data-ref-id='ref-LdPtYB11' class='erf-rich-text' ><p><strong>Hinweis:<\/strong> Sollten sp\u00e4ter noch Kinder oder Betreuer dazukommen bzw. wegfallen, k\u00f6nnen Sie diese Angaben telefonisch \u00e4ndern.<\/p><\/div><\/div><div class=\"erf-splitter erf-element-width-12\"><div data-non-input='1' custom-type='page-break' class='' data-ref-label='ref-xZWcrHrU' data-ref-id='ref-K3e3KI72' >Splitter<\/div><\/div><div class=\"erf-header erf-element-width-12\"><h1  data-non-input='1' data-ref-label='ref-G6W4DMAY' data-ref-id='ref-dyF5f2l9' class='' >Reisedaten<\/h1><\/div><div class=\"erf-text form-group field-field-R10vd1TUNn9Ewpw erf-element-width-12\"><label for=\"field-R10vd1TUNn9Ewpw\" class=\"erf-text-label\">geplanter Anreisetag<span class=\"erf-required\">*<\/span><\/label><input type='text' data-date-format='mm\/dd\/yy' class='form-control erf-date-field' name='field-R10vd1TUNn9Ewpw' required='required' data-ref-label='geplanter_Anreisetag' id='field-R10vd1TUNn9Ewpw'  \/><\/div><div class=\"erf-text form-group field-field-h9nVrC4F72cwQs5 erf-element-width-12\"><label for=\"field-h9nVrC4F72cwQs5\" class=\"erf-text-label\">m\u00f6glicher Ausweichtermin<\/label><input type='text' data-date-format='mm\/dd\/yy' class='form-control erf-date-field' name='field-h9nVrC4F72cwQs5' data-ref-label='mglicher_Ausweichtermin' id='field-h9nVrC4F72cwQs5'  \/><\/div><div class=\"erf-radio-group form-group field-field-8lK9EQxRtwr5O5H erf-element-width-12\"><label for=\"field-8lK9EQxRtwr5O5H\" class=\"erf-radio-group-label\">Reisedauer<span class=\"erf-required\">*<\/span><\/label><div class=\"radio-group\"><div class=\"radio\"><input id=\"field-8lK9EQxRtwr5O5H-0\" name='field-8lK9EQxRtwr5O5H' required='required' class='form-control' data-ref-label='Reisedauer'  type=\"radio\" value=\"3 Tage\" \/><label for=\"field-8lK9EQxRtwr5O5H-0\">3 Tage<\/label><\/div><div class=\"radio\"><input id=\"field-8lK9EQxRtwr5O5H-1\" name='field-8lK9EQxRtwr5O5H' required='required' class='form-control' data-ref-label='Reisedauer'  type=\"radio\" value=\"5 Tage\" \/><label for=\"field-8lK9EQxRtwr5O5H-1\">5 Tage<\/label><\/div><\/div><\/div><div class=\"erf-radio-group form-group field-field-mhOIz8Cfl3agB1A erf-element-width-12\"><label for=\"field-mhOIz8Cfl3agB1A\" class=\"erf-radio-group-label\">Programmdauer<span class=\"erf-required\">*<\/span><\/label><div class=\"radio-group\"><div class=\"radio\"><input id=\"field-mhOIz8Cfl3agB1A-0\" name='field-mhOIz8Cfl3agB1A' required='required' class='form-control' data-ref-label='Programmdauer'  type=\"radio\" value=\"1 Tag\" \/><label for=\"field-mhOIz8Cfl3agB1A-0\">1 Tag<\/label><\/div><div class=\"radio\"><input id=\"field-mhOIz8Cfl3agB1A-1\" name='field-mhOIz8Cfl3agB1A' required='required' class='form-control' data-ref-label='Programmdauer'  type=\"radio\" value=\"2 Tage\" \/><label for=\"field-mhOIz8Cfl3agB1A-1\">2 Tage<\/label><\/div><div class=\"radio\"><input id=\"field-mhOIz8Cfl3agB1A-2\" name='field-mhOIz8Cfl3agB1A' required='required' class='form-control' data-ref-label='Programmdauer'  type=\"radio\" value=\"3 Tage\" \/><label for=\"field-mhOIz8Cfl3agB1A-2\">3 Tage<\/label><\/div><\/div><\/div><div class=\"erf-splitter erf-element-width-12\"><div data-non-input='1' custom-type='page-break' class='' data-ref-label='ref-BBDxaqmH' data-ref-id='ref-kRejGHGE' >Splitter<\/div><\/div><div class=\"erf-header erf-element-width-12\"><h1  data-non-input='1' data-ref-label='ref-r8aknJKr' data-ref-id='ref-a4Z8lcW9' class='' >Verpflegung und Sonstiges<\/h1><\/div><div class=\"erf-radio-group form-group field-field-3y5SAA3sTyvo8Yx erf-element-width-12\"><label for=\"field-3y5SAA3sTyvo8Yx\" class=\"erf-radio-group-label\">Verpflegung<span class=\"erf-required\">*<\/span><\/label><div class=\"radio-group\"><div class=\"radio\"><input id=\"field-3y5SAA3sTyvo8Yx-0\" name='field-3y5SAA3sTyvo8Yx' required='required' class='form-control' data-ref-label='Verpflegung'  type=\"radio\" checked value=\"Vollpension\" \/><label for=\"field-3y5SAA3sTyvo8Yx-0\">Vollpension<\/label><\/div><div class=\"radio\"><input id=\"field-3y5SAA3sTyvo8Yx-1\" name='field-3y5SAA3sTyvo8Yx' required='required' class='form-control' data-ref-label='Verpflegung'  type=\"radio\" value=\"Halbpension\" \/><label for=\"field-3y5SAA3sTyvo8Yx-1\">Halbpension<\/label><\/div><\/div><\/div><div class=\"erf-radio-group form-group field-field-40ZI52Mu2llFssF erf-element-width-12\"><label for=\"field-40ZI52Mu2llFssF\" class=\"erf-radio-group-label\">Wie sind Sie auf uns aufmerksam geworden?<span class=\"erf-required\">*<\/span><\/label><div class=\"radio-group\"><div class=\"radio\"><input id=\"field-40ZI52Mu2llFssF-0\" name='field-40ZI52Mu2llFssF' data-ref-label='Wie sind Sie auf uns aufmerksam geworden' required='required' class='form-control'  type=\"radio\" value=\"Internetsuche\" \/><label for=\"field-40ZI52Mu2llFssF-0\">Internetsuche<\/label><\/div><div class=\"radio\"><input id=\"field-40ZI52Mu2llFssF-1\" name='field-40ZI52Mu2llFssF' data-ref-label='Wie sind Sie auf uns aufmerksam geworden' required='required' class='form-control'  type=\"radio\" value=\"Instagram\/Facebook - Socialmedia\" \/><label for=\"field-40ZI52Mu2llFssF-1\">Instagram\/Facebook - Socialmedia<\/label><\/div><div class=\"radio\"><input id=\"field-40ZI52Mu2llFssF-2\" name='field-40ZI52Mu2llFssF' data-ref-label='Wie sind Sie auf uns aufmerksam geworden' required='required' class='form-control'  type=\"radio\" value=\"Empfehlung von Freunden und Bekannten\" \/><label for=\"field-40ZI52Mu2llFssF-2\">Empfehlung von Freunden und Bekannten<\/label><\/div><div class=\"radio\"><input id=\"field-40ZI52Mu2llFssF-3\" name='field-40ZI52Mu2llFssF' data-ref-label='Wie sind Sie auf uns aufmerksam geworden' required='required' class='form-control'  type=\"radio\" value=\"Ich bin bereits Kunde\" \/><label for=\"field-40ZI52Mu2llFssF-3\">Ich bin bereits Kunde<\/label><\/div><div class=\"radio\"><input id=\"field-40ZI52Mu2llFssF-4\" name='field-40ZI52Mu2llFssF' data-ref-label='Wie sind Sie auf uns aufmerksam geworden' required='required' class='form-control'  type=\"radio\" value=\"Ich habe euch auf einem Event kennen gelernt\" \/><label for=\"field-40ZI52Mu2llFssF-4\">Ich habe euch auf einem Event kennen gelernt<\/label><\/div><\/div><\/div><div class=\"erf-text form-group field-field-f6rYL94tVfhvoXI erf-element-width-12\"><label for=\"field-f6rYL94tVfhvoXI\" class=\"erf-text-label\">Kommentar<\/label><input type='text' class='form-control' name='field-f6rYL94tVfhvoXI' data-ref-label='Kommentar' id='field-f6rYL94tVfhvoXI'  \/><\/div><div class=\"erf-richtext erf-element-width-12\"><div data-non-input='1' data-ref-label='ref-fIkJo5vo' data-ref-id='ref-zq9nx6HR' class='erf-rich-text' ><p><a href=\"https:\/\/woc-event.de\/index.php\/agbs-klassenfahrten\/\" target=\"_blank\" rel=\"noopener\"><strong>AGB\u2019s Klassenfahrten<\/strong><\/a><\/p><\/div><\/div><div class=\"erf-button form-group field-button-1685943516 erf-element-width-12\"><button type='submit'class='btn btn-default'name='button-1685943516'data-ref-label='Send'id='button-1685943516'>Send<\/button><\/div>                    <\/div> \n                <\/div>    \n\n                <div class=\"erf-external-form-elements\">\n                    \n                    \n                    \n\n                    \n                                        <div class=\"erf-errors\" style=\"display:none\">\n                        <span class=\"erf-errors-head erf-error-row\">Error occured. Please confirm your data and submit again:<\/span>\n                        <div class=\"erf-errors-body\">\n                                                    <\/div> \n                    <\/div>\n\n                <\/div>\n                <!-- Contains multipage Next,Previous buttons -->\n                <div class=\"erf-form-nav clearfix\"><\/div> \n\n                <!-- Single page form button -->\n                <div class=\"erf-submit-button clearfix\"><\/div>\n\n\n                <input type=\"hidden\" name=\"erform_id\" value=\"10737\" \/>\n                <input type=\"hidden\" id=\"erform_submission_nonce\" name=\"erform_submission_nonce\" value=\"3bc2453d7f\" \/><input type=\"hidden\" name=\"_wp_http_referer\" value=\"\/index.php\/wp-json\/wp\/v2\/pages\/10776\" \/>                <input type=\"hidden\" name=\"action\" value=\"erf_submit_form\" \/>\n\n            <\/form>\n            \n<\/div>\n[\/vc_column_text][\/vc_column][\/vc_row]<\/p>\n","protected":false},"excerpt":{"rendered":"<p>[vc_row][vc_column][vc_single_image image=&#8220;10769&#8243; img_size=&#8220;full&#8220;][vc_column_text][\/vc_column_text][\/vc_column][\/vc_row]<\/p>\n","protected":false},"author":1,"featured_media":0,"parent":0,"menu_order":0,"comment_status":"closed","ping_status":"closed","template":"page.php","meta":{"_glsr_average":0,"_glsr_ranking":0,"_glsr_reviews":0,"footnotes":""},"class_list":["post-10776","page","type-page","status-publish","hentry"],"_links":{"self":[{"href":"https:\/\/woc-event.de\/index.php\/wp-json\/wp\/v2\/pages\/10776","targetHints":{"allow":["GET"]}}],"collection":[{"href":"https:\/\/woc-event.de\/index.php\/wp-json\/wp\/v2\/pages"}],"about":[{"href":"https:\/\/woc-event.de\/index.php\/wp-json\/wp\/v2\/types\/page"}],"author":[{"embeddable":true,"href":"https:\/\/woc-event.de\/index.php\/wp-json\/wp\/v2\/users\/1"}],"replies":[{"embeddable":true,"href":"https:\/\/woc-event.de\/index.php\/wp-json\/wp\/v2\/comments?post=10776"}],"version-history":[{"count":1,"href":"https:\/\/woc-event.de\/index.php\/wp-json\/wp\/v2\/pages\/10776\/revisions"}],"predecessor-version":[{"id":10777,"href":"https:\/\/woc-event.de\/index.php\/wp-json\/wp\/v2\/pages\/10776\/revisions\/10777"}],"wp:attachment":[{"href":"https:\/\/woc-event.de\/index.php\/wp-json\/wp\/v2\/media?parent=10776"}],"curies":[{"name":"wp","href":"https:\/\/api.w.org\/{rel}","templated":true}]}}