{"id":10153,"date":"2019-11-24T10:21:48","date_gmt":"2019-11-24T10:21:48","guid":{"rendered":"https:\/\/woc.herrkiekebusch.de\/?page_id=10153"},"modified":"2024-12-29T20:20:20","modified_gmt":"2024-12-29T19:20:20","slug":"outdoor-camp-5-bis-8-klasse","status":"publish","type":"page","link":"https:\/\/woc-event.de\/index.php\/outdoor-camp-5-bis-8-klasse\/","title":{"rendered":"Outdoor Camp 5. bis 8. Klasse"},"content":{"rendered":"<p>[vc_row][vc_column]\n\t\t\t<!-- START Outdoor REVOLUTION SLIDER 6.3.9 --><p class=\"rs-p-wp-fix\"><\/p>\n\t\t\t<rs-module-wrap id=\"rev_slider_5_1_wrapper\" data-source=\"gallery\" style=\"background:transparent;padding:0;margin:0px auto;margin-top:0;margin-bottom:0;\">\n\t\t\t\t<rs-module id=\"rev_slider_5_1\" style=\"\" data-version=\"6.3.9\">\n\t\t\t\t\t<rs-slides>\n\t\t\t\t\t\t<rs-slide data-key=\"rs-40\" data-title=\"Slide\" data-anim=\"ei:d;eo:d;s:1000;r:0;t:fade;sl:0;\">\n\t\t\t\t\t\t\t<img loading=\"lazy\" decoding=\"async\" src=\"\/\/woc-event.de\/wp-content\/uploads\/2023\/12\/Outdoor-1.jpg\" title=\"Outdoor 1\" width=\"1080\" height=\"720\" class=\"rev-slidebg\" data-no-retina>\n<!---->\t\t\t\t\t\t<\/rs-slide>\n\t\t\t\t\t\t<rs-slide data-key=\"rs-41\" data-title=\"Slide\" data-anim=\"ei:d;eo:d;s:1000;r:0;t:fade;sl:0;\">\n\t\t\t\t\t\t\t<img loading=\"lazy\" decoding=\"async\" src=\"\/\/woc-event.de\/wp-content\/uploads\/2023\/12\/Outdoor.jpg\" title=\"Outdoor\" width=\"1080\" height=\"608\" class=\"rev-slidebg\" data-no-retina>\n<!---->\t\t\t\t\t\t<\/rs-slide>\n\t\t\t\t\t\t<rs-slide data-key=\"rs-15\" data-title=\"Outdoor\" data-anim=\"ei:d;eo:d;s:1000;r:0;t:fade;sl:0;\">\n\t\t\t\t\t\t\t<img loading=\"lazy\" decoding=\"async\" src=\"\/\/woc-event.de\/wp-content\/uploads\/2020\/01\/dan-gold-ibOns2Bz900-unsplash-1920.jpg\" title=\"dan-gold-ibOns2Bz900-unsplash-1920\" width=\"1920\" height=\"1280\" class=\"rev-slidebg\" data-no-retina>\n<!---->\t\t\t\t\t\t<\/rs-slide>\n\t\t\t\t\t\t<rs-slide data-key=\"rs-30\" data-title=\"Slide\" data-anim=\"ei:d;eo:d;s:1000;r:0;t:fade;sl:0;\">\n\t\t\t\t\t\t\t<img loading=\"lazy\" decoding=\"async\" src=\"\/\/woc-event.de\/wp-content\/uploads\/2022\/01\/IMG_2137-2-scaled.jpg\" title=\"IMG_2137 2\" width=\"2560\" height=\"1920\" class=\"rev-slidebg\" data-no-retina>\n<!---->\t\t\t\t\t\t<\/rs-slide>\n\t\t\t\t\t<\/rs-slides>\n\t\t\t\t<\/rs-module>\n\t\t\t\t<script type=\"text\/javascript\">\n\t\t\t\t\tsetREVStartSize({c: 'rev_slider_5_1',rl:[1240,1024,778,480],el:[900],gw:[1240],gh:[900],type:'standard',justify:'',layout:'fullwidth',mh:\"0\"});\n\t\t\t\t\tvar\trevapi5,\n\t\t\t\t\t\ttpj;\n\t\t\t\t\tfunction revinit_revslider51() {\n\t\t\t\t\tjQuery(function() {\n\t\t\t\t\t\ttpj = jQuery;\n\t\t\t\t\t\trevapi5 = tpj(\"#rev_slider_5_1\");\n\t\t\t\t\t\tif(revapi5==undefined || revapi5.revolution == undefined){\n\t\t\t\t\t\t\trevslider_showDoubleJqueryError(\"rev_slider_5_1\");\n\t\t\t\t\t\t}else{\n\t\t\t\t\t\t\trevapi5.revolution({\n\t\t\t\t\t\t\t\tsliderLayout:\"fullwidth\",\n\t\t\t\t\t\t\t\tvisibilityLevels:\"1240,1024,778,480\",\n\t\t\t\t\t\t\t\tgridwidth:1240,\n\t\t\t\t\t\t\t\tgridheight:900,\n\t\t\t\t\t\t\t\tspinner:\"spinner0\",\n\t\t\t\t\t\t\t\tperspective:600,\n\t\t\t\t\t\t\t\tperspectiveType:\"local\",\n\t\t\t\t\t\t\t\teditorheight:\"900,768,960,720\",\n\t\t\t\t\t\t\t\tresponsiveLevels:\"1240,1024,778,480\",\n\t\t\t\t\t\t\t\tprogressBar:{disableProgressBar:true},\n\t\t\t\t\t\t\t\tnavigation: {\n\t\t\t\t\t\t\t\t\tonHoverStop:false\n\t\t\t\t\t\t\t\t},\n\t\t\t\t\t\t\t\tfallbacks: {\n\t\t\t\t\t\t\t\t\tallowHTML5AutoPlayOnAndroid:true\n\t\t\t\t\t\t\t\t},\n\t\t\t\t\t\t\t});\n\t\t\t\t\t\t}\n\t\t\t\t\t\t\n\t\t\t\t\t});\n\t\t\t\t\t} \/\/ End of RevInitScript\n\t\t\t\tvar once_revslider51 = false;\n\t\t\t\tif (document.readyState === \"loading\") {document.addEventListener('readystatechange',function() { if((document.readyState === \"interactive\" || document.readyState === \"complete\") && !once_revslider51 ) { once_revslider51 = true; revinit_revslider51();}});} else {once_revslider51 = true; revinit_revslider51();}\n\t\t\t\t<\/script>\n\t\t\t<\/rs-module-wrap>\n\t\t\t<!-- END REVOLUTION SLIDER -->\n[vc_column_text css=&#8220;.vc_custom_1665658797122{padding-top: 40px !important;padding-bottom: 40px !important;}&#8220;]<\/p>\n<h2>Outdoor Camp 5. bis 8. Klasse<\/h2>\n<p>&nbsp;<\/p>\n<p><strong>Das Outdoor &amp; Survivalprogramm: <\/strong><br \/>\n2 Tage Programm<br \/>\n5. bis 8. Klasse<\/p>\n<p>F\u00fcr das Outdoorcamp haben wir vieles vor.<\/p>\n<p>Wir verbinden Aktion und Wissenswertes mit AHA-Effekt in einer gesunden Mischung mit professionellem erlebnisp\u00e4dagogischem Teamtraining. Damit erweitern wir die Soft Skills der Kinder wie Vertrauen, Kommunikation und Kooperation und st\u00e4rken so den Klassenzusammenhalt.<br \/>\nDas ist nicht nur eine runde Sache f\u00fcr die Kinder, auch die Lehrer profitieren von den positiven Wirkungen auf die Gruppendynamik.<br \/>\nAuch f\u00fcr die \u201egro\u00dfen\u201c M\u00e4dchen und Jungen m\u00f6chten wir die Fahrt zu einem unvergesslichen Erlebnis machen. Einmalig in Th\u00fcringen ist die Auswahl an Outdooraktivit\u00e4ten.<br \/>\nSo k\u00f6nnen die Kinder unseren 3-D Parcours \u201eDrachenpfad\u201c benutzen, auf unserem eigenen Spielfeld <a href=\"https:\/\/www.youtube.com\/watch?v=4D1Cf2LhGfU\" target=\"_blank\" rel=\"noopener noreferrer\"><strong><u>Archery Attack<\/u><\/strong><\/a> spielen oder klettern auf unserem Kletterbaum (ca. 10 Meter), beim Kistenklettern oder auf den Pamper Pole beweisen.<\/p>\n<p><strong>Weitere Einblicke und Eindr\u00fccke in unsere Mutchancen &amp; Team-Events erhalten Sie auf unserer Seite: <\/strong><span style=\"color: #49ae33;\"><a style=\"color: #49ae33;\" href=\"https:\/\/woc-event.de\/index.php\/home\/mutchancen-highlights\/\"><strong>Mutchancen &amp; Highlights<\/strong><\/a><\/span><\/p>\n<p>Im Wildnistraining kann man lernen, wie man auf die verschiedensten Arten Feuer macht. Dabei k\u00f6nnen steinzeitliche Methoden wie das Feuerbohren oder aber auch moderne Outdoor- Feuerzeuge ausprobiert werden. Feuer ist garantiert.<br \/>\nAuf Wunsch k\u00f6nnt Ihr sogar in den selbst gebauten H\u00fctten und Biwaks \u00fcbernachten!<\/p>\n<p>&nbsp;<\/p>\n<p><strong>Unterbringung:<\/strong><\/p>\n<p>In unserer weitl\u00e4ufigen Bungalowanlage stehen insgesamt 58<br \/>\nBetten in 4- bis 6-Bettbungalows (Kategorie B) mit einfacher aber zweckm\u00e4\u00dfiger Einrichtung zur Verf\u00fcgung. Dusche und WC sind modern, ausreichend im Haupthaus vorhanden und schnell zu erreichen. Weiterhin stehen insgesamt 7 Steinbungalows (Kategorie A) mit jeweils zwei 2-Bettzimmern und DU\/WC zur Verf\u00fcgung. Diese werden von den Lehrern und Betreuern genutzt.F\u00fcr die \u00dcbernachtung in den Tipis, Zelten und den Waldh\u00fctten (wenn gew\u00fcnscht) ist ein Schlafsack unbedingt erforderlich.<\/p>\n<p>&nbsp;<\/p>\n<p><strong>Verpflegung:<\/strong><\/p>\n<p>Wir bieten unseren G\u00e4sten Vollpension an. Das Fr\u00fchst\u00fcck und<br \/>\nAbendbrot besteht aus einem kalten B\u00fcfett, das Ihr in unserem gro\u00dfen Speisesaalgemeinsam zu Euch nehmen k\u00f6nnt. Zum Mittag gibt es eine kindgerechtewarme Mahlzeit, die in unserer hauseigenen K\u00fcche t\u00e4glich frisch zubereitet wird. Bei Tagesausfl\u00fcgen reichen wir nat\u00fcrlich ein Lunchpaket \u2013 daf\u00fcr am Abend die warme Mahlzeit. Auf Wunsch bieten wir auch Halbpension an.<\/p>\n<p>&nbsp;<\/p>\n<p><strong>Preise:\u00a0\u00a0\u00a0\u00a0\u00a0\u00a0\u00a0\u00a0\u00a0\u00a0\u00a0\u00a0\u00a0\u00a0\u00a0\u00a0\u00a0\u00a0\u00a0\u00a0\u00a0\u00a0\u00a0\u00a0\u00a0\u00a0\u00a0\u00a0\u00a0\u00a0\u00a0\u00a0\u00a0\u00a0\u00a0\u00a0\u00a0\u00a0\u00a0\u00a0\u00a0\u00a0\u00a0\u00a0\u00a0\u00a0\u00a0\u00a0\u00a0\u00a0\u00a0\u00a0\u00a0\u00a0\u00a0\u00a0\u00a0\u00a0\u00a0\u00a0\u00a0\u00a0\u00a0\u00a0\u00a0\u00a0\u00a0\u00a0\u00a0\u00a0\u00a0\u00a0\u00a0\u00a0\u00a0\u00a0\u00a0\u00a0\u00a0\u00a0\u00a0\u00a0\u00a0\u00a0\u00a0\u00a0\u00a0\u00a0\u00a0\u00a0 Preis ohne Programm\u00a0\u00a0\u00a0\u00a0\u00a0\u00a0\u00a0\u00a0\u00a0\u00a0\u00a0\u00a0\u00a0\u00a0\u00a0\u00a0\u00a0\u00a0\u00a0\u00a0\u00a0\u00a0\u00a0\u00a0\u00a0\u00a0\u00a0\u00a0\u00a0\u00a0 Preis mit 2-Tage-Programm<\/strong><\/p>\n<p><strong>3-Tagesfahrt<\/strong><br \/>\n2x \u00dcbernachtung mit VP Disco, Lagerfeuer\u00a0\u00a0\u00a0\u00a0\u00a0\u00a0\u00a0\u00a0\u00a0\u00a0\u00a0\u00a0\u00a0\u00a0\u00a0\u00a0\u00a0\u00a0\u00a0\u00a0\u00a0\u00a0\u00a0\u00a0\u00a0\u00a0\u00a0\u00a0\u00a0\u00a0\u00a0\u00a0\u00a0\u00a0\u00a0\u00a0\u00a0\u00a0\u00a0\u00a0\u00a0\u00a0\u00a0\u00a0\u00a0 <strong>82\u20ac\/Kind\u00a0\u00a0\u00a0\u00a0\u00a0\u00a0\u00a0\u00a0\u00a0\u00a0\u00a0\u00a0\u00a0\u00a0\u00a0\u00a0\u00a0\u00a0\u00a0\u00a0\u00a0\u00a0\u00a0\u00a0\u00a0\u00a0\u00a0\u00a0\u00a0\u00a0\u00a0\u00a0\u00a0\u00a0\u00a0\u00a0\u00a0\u00a0\u00a0\u00a0\u00a0\u00a0\u00a0\u00a0\u00a0\u00a0\u00a0\u00a0\u00a0\u00a0\u00a0\u00a0\u00a0\u00a0\u00a0\u00a0\u00a0\u00a0 118\u20ac\/Kind<\/strong><br \/>\nmit Kn\u00fcppelkuchen<\/p>\n<p><strong>5-Tagesfahrt<\/strong><br \/>\n4x \u00dcbernachtung mit VP Disco, Lagerfeuer\u00a0\u00a0\u00a0\u00a0\u00a0\u00a0\u00a0\u00a0\u00a0\u00a0\u00a0\u00a0\u00a0\u00a0\u00a0\u00a0\u00a0\u00a0\u00a0\u00a0\u00a0\u00a0\u00a0\u00a0\u00a0\u00a0\u00a0\u00a0\u00a0\u00a0\u00a0\u00a0\u00a0\u00a0\u00a0\u00a0\u00a0\u00a0\u00a0\u00a0\u00a0\u00a0 <strong>164\u20ac\/Kind\u00a0\u00a0\u00a0\u00a0\u00a0\u00a0\u00a0\u00a0\u00a0\u00a0\u00a0\u00a0\u00a0\u00a0\u00a0\u00a0\u00a0\u00a0\u00a0\u00a0\u00a0\u00a0\u00a0\u00a0\u00a0\u00a0\u00a0\u00a0\u00a0\u00a0\u00a0\u00a0\u00a0\u00a0\u00a0\u00a0\u00a0\u00a0\u00a0\u00a0\u00a0\u00a0\u00a0\u00a0\u00a0\u00a0\u00a0\u00a0\u00a0\u00a0\u00a0\u00a0\u00a0\u00a0\u00a0\u00a0\u00a0\u00a0 200\u20ac\/Kind<\/strong><br \/>\nmit Kn\u00fcppelkuchen<\/p>\n<p><strong>Weitere Infos zum Programm finden Sie im Flyer.<\/strong><\/p>\n<p><strong>Hinweis:<\/strong> Die Anmeldung funktioniert am besten mit dem Firefox, Chrome oder Safari-Browser. Der Internet Explorer wird nicht unterst\u00fctzt.[\/vc_column_text][\/vc_column][\/vc_row][vc_row][vc_column]\r\n\t\t\t<div class=\"ult_dual_button  ult-adjust-bottom-margin to-center  \"  data-response=\"on\" id=\"ult_btn_3331793347\">\r\n\r\n\t\t\t<div id=\"dualbtn-5083\" class=\"ulitmate_dual_buttons ult-dual-btn3 ult_main_dualbtn \" data-bcolor=\"#333333\"data-bhcolor=\"\">\r\n\r\n\t\t\t<div class=\"ult_dualbutton-wrapper btn-inline place-template bt1 \"><a href=\"https:\/\/woc-event.de\/index.php\/anfrage-klassenfahrt-outdoor\/\" title=\"Klassenfahrt anfragen\"  class=\"ult_ivan_button round-square with-icon icon-before with-text place-template ult_dual1\" style=\";margin-right:px;;background-color:#81d742 !important;; border-color:#333333;border-style:;border-width:0px;border-radius:px;;\">\r\n\t\t\t<span class=\"ult-dual-btn-1 Style 2\" style=\"\"  data-bgcolor=\"#81d742\" data-bghovercolor=\"#aee549\" data-icon_color=\"#333333\" data-icon_hover_color=\"#333333\" data-textcolor=\"#ffffff\" data-texthovercolor=\"#000000\" data-iconbgcolor=\"transperent\" data-iconbghovercolor=\"transperent\" data-iconborder=\"transperent\" data-iconhoverborder=\"transperent\" >\r\n\t\t\t<span class=\"icon-simple icon-left1 ult_btn1span \"  style=\"; \">\n<span class=\"aio-icon btn1icon none \"  style=\"color:#333333;font-size:32px;\">\n\t<i class=\"linearicons-register\" ><\/i>\n<\/span><\/span>\r\n\t\t\t<span class=\"text-btn ult-dual-button-title ult-responsive\"  data-ultimate-target='#dualbtn-5083 .ult-dual-button-title'  data-responsive-json-new='{\"font-size\":\"desktop:15px;\",\"line-height\":\"desktop:15px;\"}'  style=\"font-weight:normal;color:#ffffff;\">Anmeldung<\/span>\r\n\r\n\t\t\t<\/span>\r\n\t\t\t<\/a><span class=\"middle-text\" style=\"line-height: 1.8em;color:#ffffff;background-color:#333333;border-width:0px;\">\r\n\t\t\t<span class=\"middle-inner\"  >oder<\/span>\r\n\t\t\t<\/span>\r\n\r\n\t\t\t<\/div>\r\n\r\n\t\t\t<div class=\"ult_dualbutton-wrapper btn-inline place-template btn2 \"><a href=\"https:\/\/woc-event.de\/wp-content\/uploads\/2024\/12\/Klassenfahrt_Outdoor_2025.pdf\" title=\"Flyer\"  class=\"ult_ivan_button round-square with-icon icon-after with-text place-template ult_dual2\"  style=\";background-color:#19b55c !important;;margin-left:px;;border-color:#333333;border-style:;border-width:0px;border-radius:px;\">\r\n\t\t\t<span class=\"ult-dual-btn-2 Style 2\"  data-bgcolor=\"#19b55c\" data-bghovercolor=\"#aee549\" data-icon_color=\"#333333\" data-icon_hover_color=\"#333333\" data-textcolor=\"#ffffff\" data-texthovercolor=\"#000000\" data-iconbgcolor=\"transperent\" data-iconbghovercolor=\"transperent\" data-iconborder=\"transperent\" data-iconhoverborder=\"transperent\" >\r\n\t\t\t<span class=\"text-btn ult-dual-button-title\" style=\"font-weight:normal;color:#ffffff;\">Flyer<\/span>\r\n\r\n\t\t\t<span class=\"icon-simple icon-right2 ult_btn1span \"  style=\"; \">\n<span class=\"aio-icon btn1icon none \"  style=\"color:#333333;font-size:32px;display:inline-block;\">\n\t<i class=\"Defaults-file-pdf-o\" ><\/i>\n<\/span><\/span>\r\n\t\t\t<\/span>\r\n\t\t\t<\/a><\/div>\r\n\t\t\t<\/div>\r\n\t\t\t<\/div>[\/vc_column][\/vc_row][vc_row][vc_column][vc_column_text]<\/p>\n<p>[\/vc_column_text][\/vc_column][\/vc_row][vc_row][vc_column][vc_empty_space][vc_separator][vc_empty_space][vc_column_text]<div class=\"glsr glsr-default\" id=\"glsr_11d19b12\" data-from=\"shortcode\" data-shortcode=\"site_reviews\" data-assigned_terms=\"64\" data-display=\"10\"><div class=\"glsr-reviews-wrap\">\n    <div class=\"glsr-reviews\">\n        <p class=\"glsr-no-margins\">Es gibt noch keine Bewertungen. Schreibe selbst die erste Bewertung!<\/p>\n    <\/div>\n    \n<\/div><\/div>\n<p>[\/vc_column_text][vc_empty_space][vc_column_text]<div class=\"glsr glsr-default\" id=\"glsr_67d135cc\" data-from=\"shortcode\" data-shortcode=\"site_reviews_form\" data-assigned_terms=\"64\"><div class=\"glsr-form-wrap\">\n    <form class=\"glsr-review-form glsr-form\" method=\"post\" enctype=\"multipart\/form-data\">\n        <input type=\"hidden\" name=\"site-reviews[_action]\" value=\"submit-review\" \/>\n<input type=\"hidden\" name=\"site-reviews[_nonce]\" value=\"32e22afa89\" \/>\n<input type=\"hidden\" name=\"site-reviews[_post_id]\" value=\"10153\" \/>\n<input type=\"hidden\" name=\"site-reviews[_referer]\" value=\"\" \/>\n<input type=\"hidden\" name=\"site-reviews[assigned_posts]\" value=\"\" \/>\n<input type=\"hidden\" name=\"site-reviews[assigned_terms]\" value=\"64\" \/>\n<input type=\"hidden\" name=\"site-reviews[assigned_users]\" value=\"\" \/>\n<input type=\"hidden\" name=\"site-reviews[excluded]\" value=\"\" \/>\n<input type=\"hidden\" name=\"site-reviews[form_id]\" value=\"glsr_67d135cc\" \/>\n<input type=\"hidden\" name=\"site-reviews[terms_exist]\" value=\"1\" \/>\n<input type=\"hidden\" name=\"site-reviews[form_signature]\" value=\"GQo6qwmTX4wfgtky7j-9nLLGSZ465XzNUndeL01viEgm3Nea2p3gCz-HwRKRTg9zlpgm0s0gGWI5xCpXw6RSkl2Y7yOjyPr7Ka0BJ38lw-T1c8bwUI_xDuU9X8n7lrO4Q9Eh8cKrrXEFvuaFD5GwBx956-iX8j1bcOZEy3d7FO2V47dAANb6kYXPjoiErbGO-Tgf7nyWyq7cn4mwCorFsVXrrcZBtGDjXIL4JiR0yuvjbl7AUAxl4nXP8oqExGqv75SxEkjGxADRNcIe0CrFK_ALEuK8eessHfdIDjY_JKVCczhxsY9ysOzI1hMGdd38O_-i7qG1JwrXT3l6F_0OFOitgOhbrZ2iEEq-p9ewoMHqfsdFSABkqpCObv4hmqEkBcrxIMmVLrHlf4rrw0MtZiySxmK8YiA\" \/>\n<div class=\"glsr-field\" style=\"display:none;\"><label for=\"site-reviews-a5b4e47e-glsr_67d135cc\">Deine Rezension<\/label><input type=\"text\" class=\"glsr-input glsr-input-text\" id=\"site-reviews-a5b4e47e-glsr_67d135cc\" name=\"site-reviews[a5b4e47e]\" value=\"\" \/><\/div>\n<div class=\"glsr-field glsr-field-rating glsr-required\" data-field=\"rating\">\n    <label class=\"glsr-label\" for=\"glsr_67d135cc-rating\">\n    <span>Deine Gesamtbewertung<\/span>\n<\/label>\n    <select class=\"browser-default disable-select no_wrap no-wrap glsr-select\" id=\"glsr_67d135cc-rating\" name=\"site-reviews[rating]\" required><option value=\"\">Gib eine Punktzahl<\/option><option value=\"5\">5\u00a0Sterne<\/option><option value=\"4\">4\u00a0Sterne<\/option><option value=\"3\">3\u00a0Sterne<\/option><option value=\"2\">2\u00a0Sterne<\/option><option value=\"1\">1\u00a0Stern<\/option><\/select>\n    <div class=\"glsr-field-error\"><\/div>\n<\/div>\n<div class=\"glsr-field glsr-field-text glsr-required\" data-field=\"title\">\n    <label class=\"glsr-label\" for=\"glsr_67d135cc-title\">\n    <span>Titel Deiner Bewertung<\/span>\n<\/label>\n    <input type=\"text\" class=\"glsr-input glsr-input-text\" id=\"glsr_67d135cc-title\" name=\"site-reviews[title]\" required placeholder=\"Fasse Deine Bewertung zusammen oder greife ein interessantes Detail heraus\" value=\"\" \/>\n    <div class=\"glsr-field-error\"><\/div>\n<\/div>\n<div class=\"glsr-field glsr-field-textarea glsr-required\" data-field=\"content\">\n    <label class=\"glsr-label\" for=\"glsr_67d135cc-content\">\n    <span>Deine Rezension<\/span>\n<\/label>\n    <textarea class=\"glsr-textarea\" id=\"glsr_67d135cc-content\" name=\"site-reviews[content]\" required placeholder=\"Ver\u00f6ffentliche Deine Bewertung\" rows=\"5\"><\/textarea>\n    <div class=\"glsr-field-error\"><\/div>\n<\/div>\n<div class=\"glsr-field glsr-field-text glsr-required\" data-field=\"name\">\n    <label class=\"glsr-label\" for=\"glsr_67d135cc-name\">\n    <span>Dein Name<\/span>\n<\/label>\n    <input type=\"text\" class=\"glsr-input glsr-input-text\" id=\"glsr_67d135cc-name\" name=\"site-reviews[name]\" required placeholder=\"Nenne uns Deinen Namen\" value=\"\" \/>\n    <div class=\"glsr-field-error\"><\/div>\n<\/div>\n<div class=\"glsr-field glsr-field-email glsr-required\" data-field=\"email\">\n    <label class=\"glsr-label\" for=\"glsr_67d135cc-email\">\n    <span>Deine E-Mail-Adresse<\/span>\n<\/label>\n    <input type=\"email\" class=\"glsr-input glsr-input-email\" id=\"glsr_67d135cc-email\" name=\"site-reviews[email]\" required placeholder=\"Nenne uns Deine E-Mail-Adresse\" value=\"\" \/>\n    <div class=\"glsr-field-error\"><\/div>\n<\/div>\n<div class=\"glsr-field glsr-field-choice glsr-required\" data-field=\"terms\">\n    \n    <span class=\"glsr-field-toggle\">\n    <span class=\"glsr-toggle\">\n        <label for=\"glsr_67d135cc-terms-1\">Diese Bewertung basiert auf meiner pers\u00f6nlichen Erfahrung und entspricht meiner eigenen Meinung.<\/label>\n        <span class=\"glsr-toggle-switch\">\n            <input type=\"checkbox\" class=\"glsr-input-toggle\" id=\"glsr_67d135cc-terms-1\" name=\"site-reviews[terms]\" required value=\"1\" \/> &#8203; <!-- zero-space character used for alignment -->\n            <span class=\"glsr-toggle-track\"><\/span>\n        <\/span>\n    <\/span>\n<\/span>\n    <div class=\"glsr-field-error\"><\/div>\n<\/div>\n        <div class=\"glsr-form-message\">\n    \n<\/div>\n        <div data-field=\"submit-button\">\n    <div class=\"wp-block-buttons is-layout-flex\">\n        <div class=\"wp-block-button\">\n            <button type=\"submit\" class=\"glsr-button wp-block-button__link wp-element-button\" aria-busy=\"false\" data-loading=\"Submitting, please wait...\">Submit Review<\/button>\n        <\/div>\n    <\/div>\n<\/div>\n    <\/form>\n<\/div><\/div>[\/vc_column_text][\/vc_column][\/vc_row]<\/p>\n","protected":false},"excerpt":{"rendered":"<p>[vc_row][vc_column][vc_column_text css=&#8220;.vc_custom_1665658797122{padding-top: 40px !important;padding-bottom: 40px !important;}&#8220;] Outdoor Camp 5. bis 8. Klasse &nbsp; Das Outdoor &amp; Survivalprogramm: 2 Tage Programm 5. bis 8. Klasse F\u00fcr das Outdoorcamp haben wir vieles vor. Wir verbinden Aktion und Wissenswertes mit AHA-Effekt in einer gesunden Mischung mit professionellem erlebnisp\u00e4dagogischem Teamtraining. Damit erweitern wir die Soft Skills der Kinder wie [&hellip;]<\/p>\n","protected":false},"author":1,"featured_media":0,"parent":0,"menu_order":0,"comment_status":"closed","ping_status":"closed","template":"page.php","meta":{"_glsr_average":0,"_glsr_ranking":0,"_glsr_reviews":0,"footnotes":""},"class_list":["post-10153","page","type-page","status-publish","hentry"],"_links":{"self":[{"href":"https:\/\/woc-event.de\/index.php\/wp-json\/wp\/v2\/pages\/10153","targetHints":{"allow":["GET"]}}],"collection":[{"href":"https:\/\/woc-event.de\/index.php\/wp-json\/wp\/v2\/pages"}],"about":[{"href":"https:\/\/woc-event.de\/index.php\/wp-json\/wp\/v2\/types\/page"}],"author":[{"embeddable":true,"href":"https:\/\/woc-event.de\/index.php\/wp-json\/wp\/v2\/users\/1"}],"replies":[{"embeddable":true,"href":"https:\/\/woc-event.de\/index.php\/wp-json\/wp\/v2\/comments?post=10153"}],"version-history":[{"count":27,"href":"https:\/\/woc-event.de\/index.php\/wp-json\/wp\/v2\/pages\/10153\/revisions"}],"predecessor-version":[{"id":12108,"href":"https:\/\/woc-event.de\/index.php\/wp-json\/wp\/v2\/pages\/10153\/revisions\/12108"}],"wp:attachment":[{"href":"https:\/\/woc-event.de\/index.php\/wp-json\/wp\/v2\/media?parent=10153"}],"curies":[{"name":"wp","href":"https:\/\/api.w.org\/{rel}","templated":true}]}}